{"id":1261,"date":"2023-12-07T16:35:32","date_gmt":"2023-12-07T09:35:32","guid":{"rendered":"https:\/\/aumis.vn\/?post_type=product&#038;p=1261"},"modified":"2025-03-28T10:42:29","modified_gmt":"2025-03-28T03:42:29","slug":"tra-bi-dao","status":"publish","type":"product","link":"https:\/\/aumis.vn\/en\/product\/tra-bi-dao\/","title":{"rendered":"Syrup B\u00ed \u0110ao"},"content":{"rendered":"<p><strong>Ingredients: <\/strong>\u0110\u01b0\u1eddng ngh\u1ecbch \u0111\u1ea3o, n\u01b0\u1edbc c\u1ed1t b\u00ed \u0111ao (30%), h\u01b0\u01a1ng li\u1ec7u t\u1ef1 nhi\u00ean (H\u01b0\u01a1ng b\u00ed \u0111ao), ph\u1ea9m m\u00e0u t\u1ed5ng h\u1ee3p (150d), ch\u1ea5t b\u1ea3o qu\u1ea3n (202,211).<br \/>\n<strong>Instructions For Use:<\/strong> 140ml n\u01b0\u1edbc l\u1ecdc+ 20ml syrup b\u00ed \u0111ao+ 10ml h\u1ea1t chia+ 2 l\u00e1 d\u1ee9a c\u1eaft d\u00e9cor<br \/>\n<strong>Storage Condition:\u00a0<\/strong>12 th\u00e1ng k\u1ec3 t\u1eeb ng\u00e0y s\u1ea3n xu\u1ea5t. Ng\u00e0y s\u1ea3n xu\u1ea5t v\u00e0 h\u1ea1n s\u1eed d\u1ee5ng xem tr\u00ean bao b\u00ec s\u1ea3n ph\u1ea9m. Tr\u00e1nh ti\u1ebfp x\u00fac tr\u1ef1c ti\u1ebfp v\u1edbi \u00e1nh n\u1eafng m\u1eb7t tr\u1eddi ho\u1eb7c b\u1ea3o qu\u1ea3n \u1edf nhi\u1ec7t \u0111\u1ed9 cao.<br \/>\n<strong>Shelf Life:\u00a0<\/strong>The product should be used within 30 days of opening.<br \/>\n<strong>Net Weight:<\/strong> Th\u1ec3 t\u00edch th\u1ef1c 500ml; 1000ml<\/p>\n<p><strong>C\u00d4NG TH\u1ee8C PHA CH\u1ebe TR\u00c0 B\u00cd \u0110AO: <a href=\"https:\/\/aumis.vn\/en\/cong-thuc-pha-che-hisun-tra-bi-dao\/\">Tham kh\u1ea3o t\u1ea1i \u0111\u00e2y<\/a><\/strong><\/p>\n<p><strong>MUA H\u00c0NG T\u1ea0I:<\/strong><\/p>\n<div dir=\"auto\">Shopee: <span class=\"html-span xdj266r x11i5rnm xat24cr x1mh8g0r xexx8yu x4uap5 x18d9i69 xkhd6sd x1hl2dhg x16tdsg8 x1vvkbs\"><a class=\"x1i10hfl xjbqb8w x1ejq31n xd10rxx x1sy0etr x17r0tee x972fbf xcfux6l x1qhh985 xm0m39n x9f619 x1ypdohk xt0psk2 xe8uvvx xdj266r x11i5rnm xat24cr x1mh8g0r xexx8yu x4uap5 x18d9i69 xkhd6sd x16tdsg8 x1hl2dhg xggy1nq x1a2a7pz x1sur9pj xkrqix3 x1fey0fg x1s688f\" tabindex=\"0\" role=\"link\" href=\"https:\/\/l.facebook.com\/l.php?u=https%3A%2F%2Fshopee.vn%2Faumis_officialstore%3Ffbclid%3DIwZXh0bgNhZW0CMTAAAR0P2LD8WS7cLZUlYV1Zi40F9tLjAn2OmzNr0RpflrDL2Ae-9Q9tHLz4_GA_aem_StNDYfKG_6wWZDSTVkrf_w&amp;h=AT27wjUEJn_aboAwAFBJBx3pZ9Ly98EHp5LX3jYybj81n0gMe3mVjk9ZiN73J3ENOH-9cbNmis0QLSyZxaHbgSJ6Xpv7hGgU3iMspWdq4U_yfquYJc79IxJUtGVBad4oaEhmGNJ2QVoxrga7JKIe&amp;__tn__=-UK-R&amp;c[0]=AT1Xf3uHMY8buDRCaVq5PchCJ9egnipo-JSQE5oeRJwkhmt3UE4jykudOzwOAR_6KxlPcEfepZixPRpseT_AYL6fogT-Hp0LkiHhodz_8J8kgvFOiar_R3UT9YxqpkjZdlPJ7K8Hc8CEDR_0YOeHDXy2PvG99OLSIgJ_VBIJ08dOqm1Y9OCWQoD94cOdJYKrWasZgl03ITplIWDGjQheekujagtDJXbg\" target=\"_blank\" rel=\"nofollow noopener noreferrer\">https:\/\/shopee.vn\/aumis_officialstore<\/a><\/span><\/div>\n<div dir=\"auto\">Website: <span class=\"html-span xdj266r x11i5rnm xat24cr x1mh8g0r xexx8yu x4uap5 x18d9i69 xkhd6sd x1hl2dhg x16tdsg8 x1vvkbs\"><a class=\"x1i10hfl xjbqb8w x1ejq31n xd10rxx x1sy0etr x17r0tee x972fbf xcfux6l x1qhh985 xm0m39n x9f619 x1ypdohk xt0psk2 xe8uvvx xdj266r x11i5rnm xat24cr x1mh8g0r xexx8yu x4uap5 x18d9i69 xkhd6sd x16tdsg8 x1hl2dhg xggy1nq x1a2a7pz x1sur9pj xkrqix3 x1fey0fg x1s688f\" tabindex=\"0\" role=\"link\" href=\"https:\/\/fatoho.com\/?fbclid=IwZXh0bgNhZW0CMTAAAR27r1WXfYeQqkzV-IY0k3S29SdYNm3PhPxxUhGW8t51wCcV5iRjmltn33o_aem_VHlKITZHm29TGijLE_7IKQ\" target=\"_blank\" rel=\"nofollow noopener noreferrer\">https:\/\/fatoho.com<\/a><\/span><\/div>","protected":false},"excerpt":{"rendered":"<p>S\u1ea3n ph\u1ea9m ti\u1ec7n l\u1ee3i v\u1edbi h\u01b0\u01a1ng v\u1ecb t\u1ef1 nhi\u00ean &#8211; TR\u00c0 H\u01af\u01a0NG B\u00cd \u0110AO<\/p>","protected":false},"featured_media":1251,"comment_status":"closed","ping_status":"closed","template":"","meta":[],"product_cat":[90],"product_tag":[],"class_list":{"0":"post-1261","1":"product","2":"type-product","3":"status-publish","4":"has-post-thumbnail","6":"product_cat-hisun","8":"first","9":"instock","10":"shipping-taxable","11":"product-type-simple"},"yoast_head":"<!-- This site is optimized with the Yoast SEO plugin v23.8 - https:\/\/yoast.com\/wordpress\/plugins\/seo\/ -->\n<title>Syrup B\u00ed \u0110ao | Aumis<\/title>\n<meta name=\"robots\" content=\"index, follow, max-snippet:-1, max-image-preview:large, max-video-preview:-1\" \/>\n<link rel=\"canonical\" href=\"https:\/\/aumis.vn\/en\/product\/tra-bi-dao\/\" \/>\n<meta property=\"og:locale\" content=\"en_US\" \/>\n<meta property=\"og:type\" content=\"article\" \/>\n<meta property=\"og:title\" content=\"Syrup B\u00ed \u0110ao | Aumis\" \/>\n<meta property=\"og:description\" content=\"S\u1ea3n ph\u1ea9m ti\u1ec7n l\u1ee3i v\u1edbi h\u01b0\u01a1ng v\u1ecb t\u1ef1 nhi\u00ean - TR\u00c0 H\u01af\u01a0NG B\u00cd \u0110AO\" \/>\n<meta property=\"og:url\" content=\"https:\/\/aumis.vn\/en\/product\/tra-bi-dao\/\" \/>\n<meta property=\"og:site_name\" content=\"Aumis\" \/>\n<meta property=\"article:publisher\" content=\"https:\/\/www.facebook.com\/aumis.vn\" \/>\n<meta property=\"article:modified_time\" content=\"2025-03-28T03:42:29+00:00\" \/>\n<meta property=\"og:image\" content=\"https:\/\/aumis.vn\/wp-content\/uploads\/2023\/12\/1-800x800.png\" \/>\n\t<meta property=\"og:image:width\" content=\"800\" \/>\n\t<meta property=\"og:image:height\" content=\"800\" \/>\n\t<meta property=\"og:image:type\" content=\"image\/png\" \/>\n<meta name=\"twitter:card\" content=\"summary_large_image\" \/>\n<meta name=\"twitter:label1\" content=\"Est. reading time\" \/>\n\t<meta name=\"twitter:data1\" content=\"1 minute\" \/>\n<script type=\"application\/ld+json\" class=\"yoast-schema-graph\">{\"@context\":\"https:\/\/schema.org\",\"@graph\":[{\"@type\":\"WebPage\",\"@id\":\"https:\/\/aumis.vn\/san-pham\/tra-bi-dao\/\",\"url\":\"https:\/\/aumis.vn\/san-pham\/tra-bi-dao\/\",\"name\":\"Syrup B\u00ed \u0110ao | Aumis\",\"isPartOf\":{\"@id\":\"https:\/\/aumis.vn\/#website\"},\"primaryImageOfPage\":{\"@id\":\"https:\/\/aumis.vn\/san-pham\/tra-bi-dao\/#primaryimage\"},\"image\":{\"@id\":\"https:\/\/aumis.vn\/san-pham\/tra-bi-dao\/#primaryimage\"},\"thumbnailUrl\":\"https:\/\/aumis.vn\/wp-content\/uploads\/2023\/12\/1.png\",\"datePublished\":\"2023-12-07T09:35:32+00:00\",\"dateModified\":\"2025-03-28T03:42:29+00:00\",\"breadcrumb\":{\"@id\":\"https:\/\/aumis.vn\/san-pham\/tra-bi-dao\/#breadcrumb\"},\"inLanguage\":\"en-US\",\"potentialAction\":[{\"@type\":\"ReadAction\",\"target\":[\"https:\/\/aumis.vn\/san-pham\/tra-bi-dao\/\"]}]},{\"@type\":\"ImageObject\",\"inLanguage\":\"en-US\",\"@id\":\"https:\/\/aumis.vn\/san-pham\/tra-bi-dao\/#primaryimage\",\"url\":\"https:\/\/aumis.vn\/wp-content\/uploads\/2023\/12\/1.png\",\"contentUrl\":\"https:\/\/aumis.vn\/wp-content\/uploads\/2023\/12\/1.png\",\"width\":4500,\"height\":4500},{\"@type\":\"BreadcrumbList\",\"@id\":\"https:\/\/aumis.vn\/san-pham\/tra-bi-dao\/#breadcrumb\",\"itemListElement\":[{\"@type\":\"ListItem\",\"position\":1,\"name\":\"Home\",\"item\":\"https:\/\/aumis.vn\/\"},{\"@type\":\"ListItem\",\"position\":2,\"name\":\"C\u1eeda h\u00e0ng\",\"item\":\"https:\/\/aumis.vn\/san-pham\/\"},{\"@type\":\"ListItem\",\"position\":3,\"name\":\"Syrup B\u00ed \u0110ao\"}]},{\"@type\":\"WebSite\",\"@id\":\"https:\/\/aumis.vn\/#website\",\"url\":\"https:\/\/aumis.vn\/\",\"name\":\"Aumis\",\"description\":\"Gold In Every Drop\",\"publisher\":{\"@id\":\"https:\/\/aumis.vn\/#organization\"},\"potentialAction\":[{\"@type\":\"SearchAction\",\"target\":{\"@type\":\"EntryPoint\",\"urlTemplate\":\"https:\/\/aumis.vn\/?s={search_term_string}\"},\"query-input\":{\"@type\":\"PropertyValueSpecification\",\"valueRequired\":true,\"valueName\":\"search_term_string\"}}],\"inLanguage\":\"en-US\"},{\"@type\":\"Organization\",\"@id\":\"https:\/\/aumis.vn\/#organization\",\"name\":\"Th\u01b0\u01a1ng Hi\u1ec7u Chuy\u00ean Syrup v\u00e0 Fruit Mix Cho Pha Ch\u1ebf\",\"url\":\"https:\/\/aumis.vn\/\",\"logo\":{\"@type\":\"ImageObject\",\"inLanguage\":\"en-US\",\"@id\":\"https:\/\/aumis.vn\/#\/schema\/logo\/image\/\",\"url\":\"https:\/\/aumis.vn\/wp-content\/uploads\/2024\/11\/Logo-aumis-400.webp\",\"contentUrl\":\"https:\/\/aumis.vn\/wp-content\/uploads\/2024\/11\/Logo-aumis-400.webp\",\"width\":400,\"height\":111,\"caption\":\"Th\u01b0\u01a1ng Hi\u1ec7u Chuy\u00ean Syrup v\u00e0 Fruit Mix Cho Pha Ch\u1ebf\"},\"image\":{\"@id\":\"https:\/\/aumis.vn\/#\/schema\/logo\/image\/\"},\"sameAs\":[\"https:\/\/www.facebook.com\/aumis.vn\"]}]}<\/script>\n<!-- \/ Yoast SEO plugin. -->","yoast_head_json":{"title":"Syrup B\u00ed \u0110ao | Aumis","robots":{"index":"index","follow":"follow","max-snippet":"max-snippet:-1","max-image-preview":"max-image-preview:large","max-video-preview":"max-video-preview:-1"},"canonical":"https:\/\/aumis.vn\/en\/product\/tra-bi-dao\/","og_locale":"en_US","og_type":"article","og_title":"Syrup B\u00ed \u0110ao | Aumis","og_description":"S\u1ea3n ph\u1ea9m ti\u1ec7n l\u1ee3i v\u1edbi h\u01b0\u01a1ng v\u1ecb t\u1ef1 nhi\u00ean - TR\u00c0 H\u01af\u01a0NG B\u00cd \u0110AO","og_url":"https:\/\/aumis.vn\/en\/product\/tra-bi-dao\/","og_site_name":"Aumis","article_publisher":"https:\/\/www.facebook.com\/aumis.vn","article_modified_time":"2025-03-28T03:42:29+00:00","og_image":[{"width":800,"height":800,"url":"https:\/\/aumis.vn\/wp-content\/uploads\/2023\/12\/1-800x800.png","type":"image\/png"}],"twitter_card":"summary_large_image","twitter_misc":{"Est. reading time":"1 minute"},"schema":{"@context":"https:\/\/schema.org","@graph":[{"@type":"WebPage","@id":"https:\/\/aumis.vn\/san-pham\/tra-bi-dao\/","url":"https:\/\/aumis.vn\/san-pham\/tra-bi-dao\/","name":"Syrup B\u00ed \u0110ao | Aumis","isPartOf":{"@id":"https:\/\/aumis.vn\/#website"},"primaryImageOfPage":{"@id":"https:\/\/aumis.vn\/san-pham\/tra-bi-dao\/#primaryimage"},"image":{"@id":"https:\/\/aumis.vn\/san-pham\/tra-bi-dao\/#primaryimage"},"thumbnailUrl":"https:\/\/aumis.vn\/wp-content\/uploads\/2023\/12\/1.png","datePublished":"2023-12-07T09:35:32+00:00","dateModified":"2025-03-28T03:42:29+00:00","breadcrumb":{"@id":"https:\/\/aumis.vn\/san-pham\/tra-bi-dao\/#breadcrumb"},"inLanguage":"en-US","potentialAction":[{"@type":"ReadAction","target":["https:\/\/aumis.vn\/san-pham\/tra-bi-dao\/"]}]},{"@type":"ImageObject","inLanguage":"en-US","@id":"https:\/\/aumis.vn\/san-pham\/tra-bi-dao\/#primaryimage","url":"https:\/\/aumis.vn\/wp-content\/uploads\/2023\/12\/1.png","contentUrl":"https:\/\/aumis.vn\/wp-content\/uploads\/2023\/12\/1.png","width":4500,"height":4500},{"@type":"BreadcrumbList","@id":"https:\/\/aumis.vn\/san-pham\/tra-bi-dao\/#breadcrumb","itemListElement":[{"@type":"ListItem","position":1,"name":"Home","item":"https:\/\/aumis.vn\/"},{"@type":"ListItem","position":2,"name":"C\u1eeda h\u00e0ng","item":"https:\/\/aumis.vn\/san-pham\/"},{"@type":"ListItem","position":3,"name":"Syrup B\u00ed \u0110ao"}]},{"@type":"WebSite","@id":"https:\/\/aumis.vn\/#website","url":"https:\/\/aumis.vn\/","name":"Aumis","description":"Gold In Every Drop","publisher":{"@id":"https:\/\/aumis.vn\/#organization"},"potentialAction":[{"@type":"SearchAction","target":{"@type":"EntryPoint","urlTemplate":"https:\/\/aumis.vn\/?s={search_term_string}"},"query-input":{"@type":"PropertyValueSpecification","valueRequired":true,"valueName":"search_term_string"}}],"inLanguage":"en-US"},{"@type":"Organization","@id":"https:\/\/aumis.vn\/#organization","name":"Th\u01b0\u01a1ng Hi\u1ec7u Chuy\u00ean Syrup v\u00e0 Fruit Mix Cho Pha Ch\u1ebf","url":"https:\/\/aumis.vn\/","logo":{"@type":"ImageObject","inLanguage":"en-US","@id":"https:\/\/aumis.vn\/#\/schema\/logo\/image\/","url":"https:\/\/aumis.vn\/wp-content\/uploads\/2024\/11\/Logo-aumis-400.webp","contentUrl":"https:\/\/aumis.vn\/wp-content\/uploads\/2024\/11\/Logo-aumis-400.webp","width":400,"height":111,"caption":"Th\u01b0\u01a1ng Hi\u1ec7u Chuy\u00ean Syrup v\u00e0 Fruit Mix Cho Pha Ch\u1ebf"},"image":{"@id":"https:\/\/aumis.vn\/#\/schema\/logo\/image\/"},"sameAs":["https:\/\/www.facebook.com\/aumis.vn"]}]}},"_links":{"self":[{"href":"https:\/\/aumis.vn\/en\/wp-json\/wp\/v2\/product\/1261"}],"collection":[{"href":"https:\/\/aumis.vn\/en\/wp-json\/wp\/v2\/product"}],"about":[{"href":"https:\/\/aumis.vn\/en\/wp-json\/wp\/v2\/types\/product"}],"replies":[{"embeddable":true,"href":"https:\/\/aumis.vn\/en\/wp-json\/wp\/v2\/comments?post=1261"}],"wp:featuredmedia":[{"embeddable":true,"href":"https:\/\/aumis.vn\/en\/wp-json\/wp\/v2\/media\/1251"}],"wp:attachment":[{"href":"https:\/\/aumis.vn\/en\/wp-json\/wp\/v2\/media?parent=1261"}],"wp:term":[{"taxonomy":"product_cat","embeddable":true,"href":"https:\/\/aumis.vn\/en\/wp-json\/wp\/v2\/product_cat?post=1261"},{"taxonomy":"product_tag","embeddable":true,"href":"https:\/\/aumis.vn\/en\/wp-json\/wp\/v2\/product_tag?post=1261"}],"curies":[{"name":"wp","href":"https:\/\/api.w.org\/{rel}","templated":true}]}}