{"id":1272,"date":"2023-12-07T16:40:24","date_gmt":"2023-12-07T09:40:24","guid":{"rendered":"https:\/\/aumis.vn\/?post_type=product&#038;p=1272"},"modified":"2024-11-09T17:05:01","modified_gmt":"2024-11-09T10:05:01","slug":"nuoc-mau","status":"publish","type":"product","link":"https:\/\/aumis.vn\/en\/product\/nuoc-mau\/","title":{"rendered":"N\u01b0\u1edbc M\u00e0u"},"content":{"rendered":"<p><strong>Ingredients:<\/strong> \u0110\u01b0\u1eddng tinh luy\u1ec7n cao c\u1ea5p 80%, n\u01b0\u1edbc.<br \/>\n<strong>Instructions For Use:<\/strong> D\u00f9ng trong ch\u1ebf bi\u1ebfn th\u1ee9c \u0103n \u0111\u1eb7c bi\u1ec7t trong m\u00f3n kho, l\u00e0m b\u00e1nh, \u0111i\u1ec1u ch\u1ec9nh t\u1ec9 l\u1ec7 theo nhu c\u1ea7u<br \/>\n<strong>Storage Condition:<\/strong>\u00a0B\u1ea3o qu\u1ea3n n\u01a1i m\u00e1t, kh\u00f4 r\u00e1o, tho\u00e1ng m\u00e1t, tr\u00e1nh \u1ea3nh n\u1eafng tr\u1ef1c ti\u1ebfp<br \/>\n<strong>Shelf Life:<\/strong>\u00a0Kh\u00f4ng s\u1eed d\u1ee5ng s\u1ea3n ph\u1ea9m khi h\u1ebft h\u1ea1n s\u1eed d\u1ee5ng<br \/>\n<strong>Net Weight:<\/strong>\u00a0150gram<\/p>\n<p><strong>MUA H\u00c0NG T\u1ea0I:<\/strong><\/p>\n<ul>\n<li>Shopee: <span class=\"html-span xdj266r x11i5rnm xat24cr x1mh8g0r xexx8yu x4uap5 x18d9i69 xkhd6sd x1hl2dhg x16tdsg8 x1vvkbs\"><a class=\"x1i10hfl xjbqb8w x1ejq31n xd10rxx x1sy0etr x17r0tee x972fbf xcfux6l x1qhh985 xm0m39n x9f619 x1ypdohk xt0psk2 xe8uvvx xdj266r x11i5rnm xat24cr x1mh8g0r xexx8yu x4uap5 x18d9i69 xkhd6sd x16tdsg8 x1hl2dhg xggy1nq x1a2a7pz x1sur9pj xkrqix3 x1fey0fg x1s688f\" tabindex=\"0\" role=\"link\" href=\"https:\/\/shopee.vn\/aumis_officialstore?fbclid=IwZXh0bgNhZW0CMTAAAR0P2LD8WS7cLZUlYV1Zi40F9tLjAn2OmzNr0RpflrDL2Ae-9Q9tHLz4_GA_aem_StNDYfKG_6wWZDSTVkrf_w\" target=\"_blank\" rel=\"nofollow noopener noreferrer\">https:\/\/shopee.vn\/aumis_officialstore<\/a><\/span><\/li>\n<li dir=\"auto\">Website: <span class=\"html-span xdj266r x11i5rnm xat24cr x1mh8g0r xexx8yu x4uap5 x18d9i69 xkhd6sd x1hl2dhg x16tdsg8 x1vvkbs\"><a class=\"x1i10hfl xjbqb8w x1ejq31n xd10rxx x1sy0etr x17r0tee x972fbf xcfux6l x1qhh985 xm0m39n x9f619 x1ypdohk xt0psk2 xe8uvvx xdj266r x11i5rnm xat24cr x1mh8g0r xexx8yu x4uap5 x18d9i69 xkhd6sd x16tdsg8 x1hl2dhg xggy1nq x1a2a7pz x1sur9pj xkrqix3 x1fey0fg x1s688f\" tabindex=\"0\" role=\"link\" href=\"https:\/\/fatoho.com\/?fbclid=IwZXh0bgNhZW0CMTAAAR27r1WXfYeQqkzV-IY0k3S29SdYNm3PhPxxUhGW8t51wCcV5iRjmltn33o_aem_VHlKITZHm29TGijLE_7IKQ\" target=\"_blank\" rel=\"nofollow noopener noreferrer\">https:\/\/fatoho.com<\/a><\/span><\/li>\n<\/ul>","protected":false},"excerpt":{"rendered":"<p>N\u01b0\u1edbc m\u00e0u \u0111\u01b0\u1ee3c l\u00e0m t\u1eeb 100% \u0111\u01b0\u1eddng m\u00eda t\u1ef1 nhi\u00ean, kh\u00f4ng ch\u1ea5t b\u1ea3o qu\u1ea3n<\/p>","protected":false},"featured_media":1247,"comment_status":"closed","ping_status":"closed","template":"","meta":[],"product_cat":[85],"product_tag":[],"class_list":{"0":"post-1272","1":"product","2":"type-product","3":"status-publish","4":"has-post-thumbnail","6":"product_cat-san-pham-khac","8":"first","9":"instock","10":"shipping-taxable","11":"product-type-simple"},"yoast_head":"<!-- This site is optimized with the Yoast SEO plugin v23.8 - https:\/\/yoast.com\/wordpress\/plugins\/seo\/ -->\n<title>N\u01b0\u1edbc M\u00e0u | Aumis<\/title>\n<meta name=\"robots\" content=\"index, follow, max-snippet:-1, max-image-preview:large, max-video-preview:-1\" \/>\n<link rel=\"canonical\" href=\"https:\/\/aumis.vn\/en\/product\/nuoc-mau\/\" \/>\n<meta property=\"og:locale\" content=\"en_US\" \/>\n<meta property=\"og:type\" content=\"article\" \/>\n<meta property=\"og:title\" content=\"N\u01b0\u1edbc M\u00e0u | Aumis\" \/>\n<meta property=\"og:description\" content=\"N\u01b0\u1edbc m\u00e0u \u0111\u01b0\u1ee3c l\u00e0m t\u1eeb 100% \u0111\u01b0\u1eddng m\u00eda t\u1ef1 nhi\u00ean, kh\u00f4ng ch\u1ea5t b\u1ea3o qu\u1ea3n\" \/>\n<meta property=\"og:url\" content=\"https:\/\/aumis.vn\/en\/product\/nuoc-mau\/\" \/>\n<meta property=\"og:site_name\" content=\"Aumis\" \/>\n<meta property=\"article:publisher\" content=\"https:\/\/www.facebook.com\/aumis.vn\" \/>\n<meta property=\"article:modified_time\" content=\"2024-11-09T10:05:01+00:00\" \/>\n<meta property=\"og:image\" content=\"https:\/\/aumis.vn\/wp-content\/uploads\/2023\/12\/7.png\" \/>\n\t<meta property=\"og:image:width\" content=\"2000\" \/>\n\t<meta property=\"og:image:height\" content=\"2000\" \/>\n\t<meta property=\"og:image:type\" content=\"image\/png\" \/>\n<meta name=\"twitter:card\" content=\"summary_large_image\" \/>\n<meta name=\"twitter:label1\" content=\"Est. reading time\" \/>\n\t<meta name=\"twitter:data1\" content=\"1 minute\" \/>\n<script type=\"application\/ld+json\" class=\"yoast-schema-graph\">{\"@context\":\"https:\/\/schema.org\",\"@graph\":[{\"@type\":\"WebPage\",\"@id\":\"https:\/\/aumis.vn\/san-pham\/nuoc-mau\/\",\"url\":\"https:\/\/aumis.vn\/san-pham\/nuoc-mau\/\",\"name\":\"N\u01b0\u1edbc M\u00e0u | Aumis\",\"isPartOf\":{\"@id\":\"https:\/\/aumis.vn\/#website\"},\"primaryImageOfPage\":{\"@id\":\"https:\/\/aumis.vn\/san-pham\/nuoc-mau\/#primaryimage\"},\"image\":{\"@id\":\"https:\/\/aumis.vn\/san-pham\/nuoc-mau\/#primaryimage\"},\"thumbnailUrl\":\"https:\/\/aumis.vn\/wp-content\/uploads\/2023\/12\/7.png\",\"datePublished\":\"2023-12-07T09:40:24+00:00\",\"dateModified\":\"2024-11-09T10:05:01+00:00\",\"breadcrumb\":{\"@id\":\"https:\/\/aumis.vn\/san-pham\/nuoc-mau\/#breadcrumb\"},\"inLanguage\":\"en-US\",\"potentialAction\":[{\"@type\":\"ReadAction\",\"target\":[\"https:\/\/aumis.vn\/san-pham\/nuoc-mau\/\"]}]},{\"@type\":\"ImageObject\",\"inLanguage\":\"en-US\",\"@id\":\"https:\/\/aumis.vn\/san-pham\/nuoc-mau\/#primaryimage\",\"url\":\"https:\/\/aumis.vn\/wp-content\/uploads\/2023\/12\/7.png\",\"contentUrl\":\"https:\/\/aumis.vn\/wp-content\/uploads\/2023\/12\/7.png\",\"width\":2000,\"height\":2000},{\"@type\":\"BreadcrumbList\",\"@id\":\"https:\/\/aumis.vn\/san-pham\/nuoc-mau\/#breadcrumb\",\"itemListElement\":[{\"@type\":\"ListItem\",\"position\":1,\"name\":\"Home\",\"item\":\"https:\/\/aumis.vn\/\"},{\"@type\":\"ListItem\",\"position\":2,\"name\":\"C\u1eeda h\u00e0ng\",\"item\":\"https:\/\/aumis.vn\/san-pham\/\"},{\"@type\":\"ListItem\",\"position\":3,\"name\":\"N\u01b0\u1edbc M\u00e0u\"}]},{\"@type\":\"WebSite\",\"@id\":\"https:\/\/aumis.vn\/#website\",\"url\":\"https:\/\/aumis.vn\/\",\"name\":\"Aumis\",\"description\":\"Gold In Every Drop\",\"publisher\":{\"@id\":\"https:\/\/aumis.vn\/#organization\"},\"potentialAction\":[{\"@type\":\"SearchAction\",\"target\":{\"@type\":\"EntryPoint\",\"urlTemplate\":\"https:\/\/aumis.vn\/?s={search_term_string}\"},\"query-input\":{\"@type\":\"PropertyValueSpecification\",\"valueRequired\":true,\"valueName\":\"search_term_string\"}}],\"inLanguage\":\"en-US\"},{\"@type\":\"Organization\",\"@id\":\"https:\/\/aumis.vn\/#organization\",\"name\":\"Th\u01b0\u01a1ng Hi\u1ec7u Chuy\u00ean Syrup v\u00e0 Fruit Mix Cho Pha Ch\u1ebf\",\"url\":\"https:\/\/aumis.vn\/\",\"logo\":{\"@type\":\"ImageObject\",\"inLanguage\":\"en-US\",\"@id\":\"https:\/\/aumis.vn\/#\/schema\/logo\/image\/\",\"url\":\"https:\/\/aumis.vn\/wp-content\/uploads\/2024\/11\/Logo-aumis-400.webp\",\"contentUrl\":\"https:\/\/aumis.vn\/wp-content\/uploads\/2024\/11\/Logo-aumis-400.webp\",\"width\":400,\"height\":111,\"caption\":\"Th\u01b0\u01a1ng Hi\u1ec7u Chuy\u00ean Syrup v\u00e0 Fruit Mix Cho Pha Ch\u1ebf\"},\"image\":{\"@id\":\"https:\/\/aumis.vn\/#\/schema\/logo\/image\/\"},\"sameAs\":[\"https:\/\/www.facebook.com\/aumis.vn\"]}]}<\/script>\n<!-- \/ Yoast SEO plugin. -->","yoast_head_json":{"title":"N\u01b0\u1edbc M\u00e0u | Aumis","robots":{"index":"index","follow":"follow","max-snippet":"max-snippet:-1","max-image-preview":"max-image-preview:large","max-video-preview":"max-video-preview:-1"},"canonical":"https:\/\/aumis.vn\/en\/product\/nuoc-mau\/","og_locale":"en_US","og_type":"article","og_title":"N\u01b0\u1edbc M\u00e0u | Aumis","og_description":"N\u01b0\u1edbc m\u00e0u \u0111\u01b0\u1ee3c l\u00e0m t\u1eeb 100% \u0111\u01b0\u1eddng m\u00eda t\u1ef1 nhi\u00ean, kh\u00f4ng ch\u1ea5t b\u1ea3o qu\u1ea3n","og_url":"https:\/\/aumis.vn\/en\/product\/nuoc-mau\/","og_site_name":"Aumis","article_publisher":"https:\/\/www.facebook.com\/aumis.vn","article_modified_time":"2024-11-09T10:05:01+00:00","og_image":[{"width":2000,"height":2000,"url":"https:\/\/aumis.vn\/wp-content\/uploads\/2023\/12\/7.png","type":"image\/png"}],"twitter_card":"summary_large_image","twitter_misc":{"Est. reading time":"1 minute"},"schema":{"@context":"https:\/\/schema.org","@graph":[{"@type":"WebPage","@id":"https:\/\/aumis.vn\/san-pham\/nuoc-mau\/","url":"https:\/\/aumis.vn\/san-pham\/nuoc-mau\/","name":"N\u01b0\u1edbc M\u00e0u | Aumis","isPartOf":{"@id":"https:\/\/aumis.vn\/#website"},"primaryImageOfPage":{"@id":"https:\/\/aumis.vn\/san-pham\/nuoc-mau\/#primaryimage"},"image":{"@id":"https:\/\/aumis.vn\/san-pham\/nuoc-mau\/#primaryimage"},"thumbnailUrl":"https:\/\/aumis.vn\/wp-content\/uploads\/2023\/12\/7.png","datePublished":"2023-12-07T09:40:24+00:00","dateModified":"2024-11-09T10:05:01+00:00","breadcrumb":{"@id":"https:\/\/aumis.vn\/san-pham\/nuoc-mau\/#breadcrumb"},"inLanguage":"en-US","potentialAction":[{"@type":"ReadAction","target":["https:\/\/aumis.vn\/san-pham\/nuoc-mau\/"]}]},{"@type":"ImageObject","inLanguage":"en-US","@id":"https:\/\/aumis.vn\/san-pham\/nuoc-mau\/#primaryimage","url":"https:\/\/aumis.vn\/wp-content\/uploads\/2023\/12\/7.png","contentUrl":"https:\/\/aumis.vn\/wp-content\/uploads\/2023\/12\/7.png","width":2000,"height":2000},{"@type":"BreadcrumbList","@id":"https:\/\/aumis.vn\/san-pham\/nuoc-mau\/#breadcrumb","itemListElement":[{"@type":"ListItem","position":1,"name":"Home","item":"https:\/\/aumis.vn\/"},{"@type":"ListItem","position":2,"name":"C\u1eeda h\u00e0ng","item":"https:\/\/aumis.vn\/san-pham\/"},{"@type":"ListItem","position":3,"name":"N\u01b0\u1edbc M\u00e0u"}]},{"@type":"WebSite","@id":"https:\/\/aumis.vn\/#website","url":"https:\/\/aumis.vn\/","name":"Aumis","description":"Gold In Every Drop","publisher":{"@id":"https:\/\/aumis.vn\/#organization"},"potentialAction":[{"@type":"SearchAction","target":{"@type":"EntryPoint","urlTemplate":"https:\/\/aumis.vn\/?s={search_term_string}"},"query-input":{"@type":"PropertyValueSpecification","valueRequired":true,"valueName":"search_term_string"}}],"inLanguage":"en-US"},{"@type":"Organization","@id":"https:\/\/aumis.vn\/#organization","name":"Th\u01b0\u01a1ng Hi\u1ec7u Chuy\u00ean Syrup v\u00e0 Fruit Mix Cho Pha Ch\u1ebf","url":"https:\/\/aumis.vn\/","logo":{"@type":"ImageObject","inLanguage":"en-US","@id":"https:\/\/aumis.vn\/#\/schema\/logo\/image\/","url":"https:\/\/aumis.vn\/wp-content\/uploads\/2024\/11\/Logo-aumis-400.webp","contentUrl":"https:\/\/aumis.vn\/wp-content\/uploads\/2024\/11\/Logo-aumis-400.webp","width":400,"height":111,"caption":"Th\u01b0\u01a1ng Hi\u1ec7u Chuy\u00ean Syrup v\u00e0 Fruit Mix Cho Pha Ch\u1ebf"},"image":{"@id":"https:\/\/aumis.vn\/#\/schema\/logo\/image\/"},"sameAs":["https:\/\/www.facebook.com\/aumis.vn"]}]}},"_links":{"self":[{"href":"https:\/\/aumis.vn\/en\/wp-json\/wp\/v2\/product\/1272"}],"collection":[{"href":"https:\/\/aumis.vn\/en\/wp-json\/wp\/v2\/product"}],"about":[{"href":"https:\/\/aumis.vn\/en\/wp-json\/wp\/v2\/types\/product"}],"replies":[{"embeddable":true,"href":"https:\/\/aumis.vn\/en\/wp-json\/wp\/v2\/comments?post=1272"}],"wp:featuredmedia":[{"embeddable":true,"href":"https:\/\/aumis.vn\/en\/wp-json\/wp\/v2\/media\/1247"}],"wp:attachment":[{"href":"https:\/\/aumis.vn\/en\/wp-json\/wp\/v2\/media?parent=1272"}],"wp:term":[{"taxonomy":"product_cat","embeddable":true,"href":"https:\/\/aumis.vn\/en\/wp-json\/wp\/v2\/product_cat?post=1272"},{"taxonomy":"product_tag","embeddable":true,"href":"https:\/\/aumis.vn\/en\/wp-json\/wp\/v2\/product_tag?post=1272"}],"curies":[{"name":"wp","href":"https:\/\/api.w.org\/{rel}","templated":true}]}}