{"id":601,"date":"2022-12-15T10:37:22","date_gmt":"2022-12-15T03:37:22","guid":{"rendered":"https:\/\/aumis.vn\/?post_type=product&#038;p=601"},"modified":"2025-09-15T15:43:00","modified_gmt":"2025-09-15T08:43:00","slug":"duong-chai","status":"publish","type":"product","link":"https:\/\/aumis.vn\/en\/product\/duong-chai\/","title":{"rendered":"BOTTLE SUGAR"},"content":{"rendered":"<p><b>\u0110\u01b0\u1eddng Chai Syrup M\u00eda Xanh 1000ML<\/b><\/p>\n<p>Syrup m\u00eda xanh &#8211; \u0111\u01b0\u1eddng n\u01b0\u1edbc pha ch\u1ebf &#8211; ch\u1ebf bi\u1ebfn m\u00f3n \u0103n &#8211; l\u00e0m b\u00e1nh &#8211; l\u00e0m Socola Valentine Ng\u1ecdt Thanh<\/p>\n<p>Tr\u1ecdng l\u01b0\u1ee3ng: 1000ml<\/p>\n<p><b>\u0110\u1eb6C BI\u1ec6T T\u1eb6NG TH\u00caM 50G CHO CHAI 1000ML<\/b><\/p>\n<p><b>CH\u01af\u01a0NG TR\u00ccNH \u00c1P D\u1ee4NG \u0110\u1ebeN H\u1ebeT NG\u00c0Y 30\/12\/2024<\/b><\/p>\n<p>Th\u1eddi h\u1ea1n s\u1eed d\u1ee5ng: 12 th\u00e1ng<\/p>\n<p>&#8211; Ti\u1ec7n d\u1ee5ng: D\u1ea1ng s\u00e1nh l\u1ecfng n\u00ean d\u1ec5 ho\u00e0 tan nguy\u00ean li\u1ec7u h\u01a1n \u0111\u01b0\u1eddng h\u1ea1t<\/p>\n<p>&#8211; Ch\u1ea5t l\u01b0\u1ee3ng \u0111\u1ed3ng nh\u1ea5t: \u0110\u1ea3m b\u1ea3o s\u1ef1 \u0111\u1ed3ng nh\u1ea5t v\u1ec1 \u0111\u1ed9 ng\u1ecdt thanh cho th\u1ee9c u\u1ed1ng m\u00e0 \u0111\u01b0\u1eddng t\u1ef1 n\u1ea5u (\u0111\u01b0\u1eddng m\u00eda) kh\u00f4ng \u0111\u1ea1t \u0111\u01b0\u1ee3c. Trung ho\u00e0 h\u01b0\u01a1ng v\u1ecb m\u1ed9t c\u00e1ch d\u1ec5 d\u00e0ng, gi\u1eef m\u00e0u s\u1eafc t\u01b0\u01a1i t\u1eafn cho nguy\u00ean li\u1ec7u, tr\u00e1i c\u00e2y<\/p>\n<p>&#8211; \u00a0Nguy\u00ean li\u1ec7u t\u1ef1 nhi\u00ean: \u0111\u1eb7c bi\u1ec7t \u0111\u01b0\u1ee3c s\u1ea3n xu\u1ea5t ho\u00e0n to\u00e0n t\u1ef1 nhi\u00ean 100% t\u1eeb m\u00eda, an to\u00e0n cho s\u1ee9c kho\u1ebb<\/p>\n<p><b>TH\u00d4NG TIN S\u1ea2N PH\u1ea8M<\/b><\/p>\n<p>&#8211; Th\u00e0nh ph\u1ea7n: \u0110\u01b0\u1eddng, M\u00eda, N\u01b0\u1edbc<\/p>\n<p>&#8211; \u0110\u1ed9 ng\u1ecdt: 6.7 Brix<\/p>\n<p>&#8211; \u0110\u1ed9 pH: 6.8<\/p>\n<p>&#8211; H\u00e0m l\u01b0\u1ee3ng ho\u00e1 h\u1ecdc: Cu 0.36mg\/kg; As 0.01mg\/kg; Pb 0.03mg\/kg; Hg &lt;0.02mg\/kg; SO2 &lt;2mg\/kg; Cd &lt;0.03mg\/kg<\/p>\n<p>-Th\u00f4ng tin dinh d\u01b0\u1ee1ng: Calo &gt;=399kcal; Hydrat Cacbo &lt;=700g; Ch\u1ea5t \u0111\u1ea1m 0; Ch\u1ea5t b\u00e9o: 0<\/p>\n<p><b>\u1ee8NG D\u1ee4NG:<\/b><\/p>\n<p>&#8211; Th\u00edch h\u1ee3p \u0111\u1ec3 pha ch\u1ebf c\u00e1c lo\u1ea1i th\u1ee9c u\u1ed1ng nh\u01b0 tr\u00e0 s\u1eefa, tr\u00e0 hoa qu\u1ea3, tr\u00e0 \u0111\u00e0o, cocktail, soda, &#8230;.<\/p>\n<p>&#8211; Ch\u1ebf bi\u1ebfn m\u00f3n \u0103n, l\u00e0m b\u00e1nh, l\u00e0m \u0111\u1ed3 u\u1ed1ng \u0111\u00f3ng h\u1ed9p tr\u00e1i c\u00e2y ng\u00e2m, ch\u1ebf bi\u1ebfn l\u01b0\u01a1ng th\u1ef1c th\u1ef1c ph\u1ea9m<\/p>\n<p><b>QUY C\u00c1CH \u0110\u00d3NG G\u00d3I:<\/b><\/p>\n<p>1 chai 1000ml<\/p>\n<p>1 th\u00f9ng 15 chai<\/p>","protected":false},"excerpt":{"rendered":"<p><b>\u0110\u01b0\u1eddng Chai Syrup M\u00eda Xanh 1000ML<\/b><\/p>\n<p>Th\u1eddi h\u1ea1n s\u1eed d\u1ee5ng: 12 th\u00e1ng<\/p>\n<p>Ti\u1ec7n d\u1ee5ng: D\u1ea1ng s\u00e1nh l\u1ecfng n\u00ean d\u1ec5 ho\u00e0 tan nguy\u00ean li\u1ec7u h\u01a1n \u0111\u01b0\u1eddng h\u1ea1t<br \/>\nNguy\u00ean li\u1ec7u t\u1ef1 nhi\u00ean: \u0111\u1eb7c bi\u1ec7t \u0111\u01b0\u1ee3c s\u1ea3n xu\u1ea5t ho\u00e0n to\u00e0n t\u1ef1 nhi\u00ean 100% t\u1eeb m\u00eda, an to\u00e0n cho s\u1ee9c kho\u1ebb<br \/>\nTh\u00e0nh ph\u1ea7n: \u0110\u01b0\u1eddng, M\u00eda, N\u01b0\u1edbc<br \/>\n\u0110\u1ed9 ng\u1ecdt: 6.7 Brix<br \/>\n\u0110\u1ed9 pH: 6.8<br \/>\n\t<section class=\"section\" id=\"section_1045217397\">\n\t\t<div class=\"bg section-bg fill bg-fill  bg-loaded\" >\n\n\t\t\t\n\t\t\t<div class=\"section-bg-overlay absolute fill\"><\/div>\n\t\t\t\n\t<div class=\"is-border\"\n\t\tstyle=\"border-color:rgb(244, 209, 63);border-radius:10px;border-width:1px 1px 1px 1px;\">\n\t<\/div>\n\n\t\t<\/div>\n\n\t\t\n\n\t\t<div class=\"section-content relative\">\n\t\t\t\n<div class=\"row row-collapse row-full-width align-middle align-center\"  id=\"row-755058076\">\n\n\t<div id=\"col-1249558397\" class=\"col medium-6 small-12 large-6\"  >\n\t\t\t\t<div class=\"col-inner text-center\"  >\n\t\t\t\n\t\t\t\n<p style=\"text-align: center;\">Mua h\u00e0ng qua \u0111\u1ed1i t\u00e1c c\u1ee7a Aumis tr\u00ean trang Fatoho.com.<\/p>\n<p><a href=\"https:\/\/fatoho.com\/product-detail\/duong-chai\" target=\"_blank\" rel=\"noopener\"><img decoding=\"async\" class=\"aligncenter wp-image-1763\" src=\"https:\/\/aumis.vn\/wp-content\/uploads\/2024\/11\/fatoho.webp\" alt=\"\" width=\"120\" height=\"34\" srcset=\"https:\/\/aumis.vn\/wp-content\/uploads\/2024\/11\/fatoho.webp 320w, https:\/\/aumis.vn\/wp-content\/uploads\/2024\/11\/fatoho-18x5.webp 18w\" sizes=\"(max-width: 120px) 100vw, 120px\" \/><\/a><\/p>\n<p style=\"text-align: center;\">\n\t\t<\/div>\n\t\t\t\t\t<\/div>\n\n\t\n\n\t<div id=\"col-519533587\" class=\"col medium-6 small-12 large-6\"  >\n\t\t\t\t<div class=\"col-inner text-center\"  >\n\t\t\t\n\t\t\t\n\t<div id=\"text-731891541\" class=\"text\">\n\t\t\n<p style=\"text-align: center;\"><strong>B\u1ea3ng gi\u00e1 ri\u00eang cho \u0111\u1ea1i l\u00fd\/chu\u1ed7i FnB<\/strong><\/p>\n\t\t\n<style>\n#text-731891541 {\n  text-align: center;\n}\n<\/style>\n\t<\/div>\n\t\n<div class=\"wpcf7 no-js\" id=\"wpcf7-f2134-o1\" lang=\"vi\" dir=\"ltr\">\n<div class=\"screen-reader-response\"><p role=\"status\" aria-live=\"polite\" aria-atomic=\"true\"><\/p> <ul><\/ul><\/div>\n<form action=\"\/en\/wp-json\/wp\/v2\/product\/601#wpcf7-f2134-o1\" method=\"post\" class=\"wpcf7-form init\" aria-label=\"Contact form\" novalidate=\"novalidate\" data-status=\"init\" data-trp-original-action=\"\/en\/wp-json\/wp\/v2\/product\/601#wpcf7-f2134-o1\">\n<div style=\"display: none;\">\n<input type=\"hidden\" name=\"_wpcf7\" value=\"2134\" \/>\n<input type=\"hidden\" name=\"_wpcf7_version\" value=\"5.7.2\" \/>\n<input type=\"hidden\" name=\"_wpcf7_locale\" value=\"vi\" \/>\n<input type=\"hidden\" name=\"_wpcf7_unit_tag\" value=\"wpcf7-f2134-o1\" \/>\n<input type=\"hidden\" name=\"_wpcf7_container_post\" value=\"0\" \/>\n<input type=\"hidden\" name=\"_wpcf7_posted_data_hash\" value=\"\" \/>\n<\/div>\n<p><span class=\"wpcf7-form-control-wrap\" data-name=\"tel-99\"><input size=\"40\" class=\"wpcf7-form-control wpcf7-text wpcf7-tel wpcf7-validates-as-required wpcf7-validates-as-tel\" aria-required=\"true\" aria-invalid=\"false\" placeholder=\"S\u1ed1 Zalo nh\u1eadn b\u1ea3ng gi\u00e1 s\u1ec9:\" value=\"\" type=\"tel\" name=\"tel-99\" \/><\/span><br \/>\n<input class=\"wpcf7-form-control has-spinner wpcf7-submit\" type=\"submit\" value=\"Nh\u1eadn b\u1ea3ng gi\u00e1\" \/>\n<\/p><div class=\"wpcf7-response-output\" aria-hidden=\"true\"><\/div><input type=\"hidden\" name=\"trp-form-language\" value=\"en\"\/><\/form><\/div>\n\t\t<\/div>\n\t\t\t\t\t<\/div>\n\n\t\n<\/div>\n\t\t<\/div>\n\n\t\t\n<style>\n#section_1045217397 {\n  padding-top: 10px;\n  padding-bottom: 10px;\n}\n#section_1045217397 .section-bg-overlay {\n  background-color: rgba(249, 245, 240, 0.279);\n}\n#section_1045217397 .ux-shape-divider--top svg {\n  height: 150px;\n  --divider-top-width: 100%;\n}\n#section_1045217397 .ux-shape-divider--bottom svg {\n  height: 150px;\n  --divider-width: 100%;\n}\n<\/style>\n\t<\/section>","protected":false},"featured_media":2116,"comment_status":"closed","ping_status":"closed","template":"","meta":[],"product_cat":[85],"product_tag":[],"class_list":{"0":"post-601","1":"product","2":"type-product","3":"status-publish","4":"has-post-thumbnail","6":"product_cat-san-pham-khac","8":"first","9":"instock","10":"shipping-taxable","11":"product-type-simple"},"yoast_head":"<!-- This site is optimized with the Yoast SEO plugin v23.8 - https:\/\/yoast.com\/wordpress\/plugins\/seo\/ -->\n<title>\u0110\u01b0\u1eddng chai | Aumis<\/title>\n<meta name=\"robots\" content=\"index, follow, max-snippet:-1, max-image-preview:large, max-video-preview:-1\" \/>\n<link rel=\"canonical\" href=\"https:\/\/aumis.vn\/en\/product\/duong-chai\/\" \/>\n<meta property=\"og:locale\" content=\"en_US\" \/>\n<meta property=\"og:type\" content=\"article\" \/>\n<meta property=\"og:title\" content=\"\u0110\u01b0\u1eddng chai | Aumis\" \/>\n<meta property=\"og:description\" content=\"\u0110\u01b0\u1eddng Chai Syrup M\u00eda Xanh 1000ML  Th\u1eddi h\u1ea1n s\u1eed d\u1ee5ng: 12 th\u00e1ng  Ti\u1ec7n d\u1ee5ng: D\u1ea1ng s\u00e1nh l\u1ecfng n\u00ean d\u1ec5 ho\u00e0 tan nguy\u00ean li\u1ec7u h\u01a1n \u0111\u01b0\u1eddng h\u1ea1t Nguy\u00ean li\u1ec7u t\u1ef1 nhi\u00ean: \u0111\u1eb7c bi\u1ec7t \u0111\u01b0\u1ee3c s\u1ea3n xu\u1ea5t ho\u00e0n to\u00e0n t\u1ef1 nhi\u00ean 100% t\u1eeb m\u00eda, an to\u00e0n cho s\u1ee9c kho\u1ebb Th\u00e0nh ph\u1ea7n: \u0110\u01b0\u1eddng, M\u00eda, N\u01b0\u1edbc \u0110\u1ed9 ng\u1ecdt: 6.7 Brix \u0110\u1ed9 pH: 6.8\" \/>\n<meta property=\"og:url\" content=\"https:\/\/aumis.vn\/en\/product\/duong-chai\/\" \/>\n<meta property=\"og:site_name\" content=\"Aumis\" \/>\n<meta property=\"article:publisher\" content=\"https:\/\/www.facebook.com\/aumis.vn\" \/>\n<meta property=\"article:modified_time\" content=\"2025-09-15T08:43:00+00:00\" \/>\n<meta property=\"og:image\" content=\"https:\/\/aumis.vn\/wp-content\/uploads\/2022\/12\/Au-Syrup-Mia-Xanh-1-lit-1.jpg\" \/>\n\t<meta property=\"og:image:width\" content=\"1200\" \/>\n\t<meta property=\"og:image:height\" content=\"1200\" \/>\n\t<meta property=\"og:image:type\" content=\"image\/jpeg\" \/>\n<meta name=\"twitter:card\" content=\"summary_large_image\" \/>\n<meta name=\"twitter:label1\" content=\"Est. reading time\" \/>\n\t<meta name=\"twitter:data1\" content=\"2 minutes\" \/>\n<script type=\"application\/ld+json\" class=\"yoast-schema-graph\">{\"@context\":\"https:\/\/schema.org\",\"@graph\":[{\"@type\":\"WebPage\",\"@id\":\"https:\/\/aumis.vn\/san-pham\/duong-chai\/\",\"url\":\"https:\/\/aumis.vn\/san-pham\/duong-chai\/\",\"name\":\"\u0110\u01b0\u1eddng chai | Aumis\",\"isPartOf\":{\"@id\":\"https:\/\/aumis.vn\/#website\"},\"primaryImageOfPage\":{\"@id\":\"https:\/\/aumis.vn\/san-pham\/duong-chai\/#primaryimage\"},\"image\":{\"@id\":\"https:\/\/aumis.vn\/san-pham\/duong-chai\/#primaryimage\"},\"thumbnailUrl\":\"https:\/\/aumis.vn\/wp-content\/uploads\/2022\/12\/Au-Syrup-Mia-Xanh-1-lit-1.jpg\",\"datePublished\":\"2022-12-15T03:37:22+00:00\",\"dateModified\":\"2025-09-15T08:43:00+00:00\",\"breadcrumb\":{\"@id\":\"https:\/\/aumis.vn\/san-pham\/duong-chai\/#breadcrumb\"},\"inLanguage\":\"en-US\",\"potentialAction\":[{\"@type\":\"ReadAction\",\"target\":[\"https:\/\/aumis.vn\/san-pham\/duong-chai\/\"]}]},{\"@type\":\"ImageObject\",\"inLanguage\":\"en-US\",\"@id\":\"https:\/\/aumis.vn\/san-pham\/duong-chai\/#primaryimage\",\"url\":\"https:\/\/aumis.vn\/wp-content\/uploads\/2022\/12\/Au-Syrup-Mia-Xanh-1-lit-1.jpg\",\"contentUrl\":\"https:\/\/aumis.vn\/wp-content\/uploads\/2022\/12\/Au-Syrup-Mia-Xanh-1-lit-1.jpg\",\"width\":1200,\"height\":1200,\"caption\":\"Au Syrup M\u00eda Xanh 1 L\u00edt 1\"},{\"@type\":\"BreadcrumbList\",\"@id\":\"https:\/\/aumis.vn\/san-pham\/duong-chai\/#breadcrumb\",\"itemListElement\":[{\"@type\":\"ListItem\",\"position\":1,\"name\":\"Home\",\"item\":\"https:\/\/aumis.vn\/\"},{\"@type\":\"ListItem\",\"position\":2,\"name\":\"C\u1eeda h\u00e0ng\",\"item\":\"https:\/\/aumis.vn\/san-pham\/\"},{\"@type\":\"ListItem\",\"position\":3,\"name\":\"\u0110\u01b0\u1eddng chai\"}]},{\"@type\":\"WebSite\",\"@id\":\"https:\/\/aumis.vn\/#website\",\"url\":\"https:\/\/aumis.vn\/\",\"name\":\"Aumis\",\"description\":\"Gold In Every Drop\",\"publisher\":{\"@id\":\"https:\/\/aumis.vn\/#organization\"},\"potentialAction\":[{\"@type\":\"SearchAction\",\"target\":{\"@type\":\"EntryPoint\",\"urlTemplate\":\"https:\/\/aumis.vn\/?s={search_term_string}\"},\"query-input\":{\"@type\":\"PropertyValueSpecification\",\"valueRequired\":true,\"valueName\":\"search_term_string\"}}],\"inLanguage\":\"en-US\"},{\"@type\":\"Organization\",\"@id\":\"https:\/\/aumis.vn\/#organization\",\"name\":\"Th\u01b0\u01a1ng Hi\u1ec7u Chuy\u00ean Syrup v\u00e0 Fruit Mix Cho Pha Ch\u1ebf\",\"url\":\"https:\/\/aumis.vn\/\",\"logo\":{\"@type\":\"ImageObject\",\"inLanguage\":\"en-US\",\"@id\":\"https:\/\/aumis.vn\/#\/schema\/logo\/image\/\",\"url\":\"https:\/\/aumis.vn\/wp-content\/uploads\/2024\/11\/Logo-aumis-400.webp\",\"contentUrl\":\"https:\/\/aumis.vn\/wp-content\/uploads\/2024\/11\/Logo-aumis-400.webp\",\"width\":400,\"height\":111,\"caption\":\"Th\u01b0\u01a1ng Hi\u1ec7u Chuy\u00ean Syrup v\u00e0 Fruit Mix Cho Pha Ch\u1ebf\"},\"image\":{\"@id\":\"https:\/\/aumis.vn\/#\/schema\/logo\/image\/\"},\"sameAs\":[\"https:\/\/www.facebook.com\/aumis.vn\"]}]}<\/script>\n<!-- \/ Yoast SEO plugin. -->","yoast_head_json":{"title":"\u0110\u01b0\u1eddng chai | Aumis","robots":{"index":"index","follow":"follow","max-snippet":"max-snippet:-1","max-image-preview":"max-image-preview:large","max-video-preview":"max-video-preview:-1"},"canonical":"https:\/\/aumis.vn\/en\/product\/duong-chai\/","og_locale":"en_US","og_type":"article","og_title":"\u0110\u01b0\u1eddng chai | Aumis","og_description":"\u0110\u01b0\u1eddng Chai Syrup M\u00eda Xanh 1000ML  Th\u1eddi h\u1ea1n s\u1eed d\u1ee5ng: 12 th\u00e1ng  Ti\u1ec7n d\u1ee5ng: D\u1ea1ng s\u00e1nh l\u1ecfng n\u00ean d\u1ec5 ho\u00e0 tan nguy\u00ean li\u1ec7u h\u01a1n \u0111\u01b0\u1eddng h\u1ea1t Nguy\u00ean li\u1ec7u t\u1ef1 nhi\u00ean: \u0111\u1eb7c bi\u1ec7t \u0111\u01b0\u1ee3c s\u1ea3n xu\u1ea5t ho\u00e0n to\u00e0n t\u1ef1 nhi\u00ean 100% t\u1eeb m\u00eda, an to\u00e0n cho s\u1ee9c kho\u1ebb Th\u00e0nh ph\u1ea7n: \u0110\u01b0\u1eddng, M\u00eda, N\u01b0\u1edbc \u0110\u1ed9 ng\u1ecdt: 6.7 Brix \u0110\u1ed9 pH: 6.8","og_url":"https:\/\/aumis.vn\/en\/product\/duong-chai\/","og_site_name":"Aumis","article_publisher":"https:\/\/www.facebook.com\/aumis.vn","article_modified_time":"2025-09-15T08:43:00+00:00","og_image":[{"width":1200,"height":1200,"url":"https:\/\/aumis.vn\/wp-content\/uploads\/2022\/12\/Au-Syrup-Mia-Xanh-1-lit-1.jpg","type":"image\/jpeg"}],"twitter_card":"summary_large_image","twitter_misc":{"Est. reading time":"2 minutes"},"schema":{"@context":"https:\/\/schema.org","@graph":[{"@type":"WebPage","@id":"https:\/\/aumis.vn\/san-pham\/duong-chai\/","url":"https:\/\/aumis.vn\/san-pham\/duong-chai\/","name":"\u0110\u01b0\u1eddng chai | Aumis","isPartOf":{"@id":"https:\/\/aumis.vn\/#website"},"primaryImageOfPage":{"@id":"https:\/\/aumis.vn\/san-pham\/duong-chai\/#primaryimage"},"image":{"@id":"https:\/\/aumis.vn\/san-pham\/duong-chai\/#primaryimage"},"thumbnailUrl":"https:\/\/aumis.vn\/wp-content\/uploads\/2022\/12\/Au-Syrup-Mia-Xanh-1-lit-1.jpg","datePublished":"2022-12-15T03:37:22+00:00","dateModified":"2025-09-15T08:43:00+00:00","breadcrumb":{"@id":"https:\/\/aumis.vn\/san-pham\/duong-chai\/#breadcrumb"},"inLanguage":"en-US","potentialAction":[{"@type":"ReadAction","target":["https:\/\/aumis.vn\/san-pham\/duong-chai\/"]}]},{"@type":"ImageObject","inLanguage":"en-US","@id":"https:\/\/aumis.vn\/san-pham\/duong-chai\/#primaryimage","url":"https:\/\/aumis.vn\/wp-content\/uploads\/2022\/12\/Au-Syrup-Mia-Xanh-1-lit-1.jpg","contentUrl":"https:\/\/aumis.vn\/wp-content\/uploads\/2022\/12\/Au-Syrup-Mia-Xanh-1-lit-1.jpg","width":1200,"height":1200,"caption":"Au Syrup M\u00eda Xanh 1 L\u00edt 1"},{"@type":"BreadcrumbList","@id":"https:\/\/aumis.vn\/san-pham\/duong-chai\/#breadcrumb","itemListElement":[{"@type":"ListItem","position":1,"name":"Home","item":"https:\/\/aumis.vn\/"},{"@type":"ListItem","position":2,"name":"C\u1eeda h\u00e0ng","item":"https:\/\/aumis.vn\/san-pham\/"},{"@type":"ListItem","position":3,"name":"\u0110\u01b0\u1eddng chai"}]},{"@type":"WebSite","@id":"https:\/\/aumis.vn\/#website","url":"https:\/\/aumis.vn\/","name":"Aumis","description":"Gold In Every Drop","publisher":{"@id":"https:\/\/aumis.vn\/#organization"},"potentialAction":[{"@type":"SearchAction","target":{"@type":"EntryPoint","urlTemplate":"https:\/\/aumis.vn\/?s={search_term_string}"},"query-input":{"@type":"PropertyValueSpecification","valueRequired":true,"valueName":"search_term_string"}}],"inLanguage":"en-US"},{"@type":"Organization","@id":"https:\/\/aumis.vn\/#organization","name":"Th\u01b0\u01a1ng Hi\u1ec7u Chuy\u00ean Syrup v\u00e0 Fruit Mix Cho Pha Ch\u1ebf","url":"https:\/\/aumis.vn\/","logo":{"@type":"ImageObject","inLanguage":"en-US","@id":"https:\/\/aumis.vn\/#\/schema\/logo\/image\/","url":"https:\/\/aumis.vn\/wp-content\/uploads\/2024\/11\/Logo-aumis-400.webp","contentUrl":"https:\/\/aumis.vn\/wp-content\/uploads\/2024\/11\/Logo-aumis-400.webp","width":400,"height":111,"caption":"Th\u01b0\u01a1ng Hi\u1ec7u Chuy\u00ean Syrup v\u00e0 Fruit Mix Cho Pha Ch\u1ebf"},"image":{"@id":"https:\/\/aumis.vn\/#\/schema\/logo\/image\/"},"sameAs":["https:\/\/www.facebook.com\/aumis.vn"]}]}},"_links":{"self":[{"href":"https:\/\/aumis.vn\/en\/wp-json\/wp\/v2\/product\/601"}],"collection":[{"href":"https:\/\/aumis.vn\/en\/wp-json\/wp\/v2\/product"}],"about":[{"href":"https:\/\/aumis.vn\/en\/wp-json\/wp\/v2\/types\/product"}],"replies":[{"embeddable":true,"href":"https:\/\/aumis.vn\/en\/wp-json\/wp\/v2\/comments?post=601"}],"wp:featuredmedia":[{"embeddable":true,"href":"https:\/\/aumis.vn\/en\/wp-json\/wp\/v2\/media\/2116"}],"wp:attachment":[{"href":"https:\/\/aumis.vn\/en\/wp-json\/wp\/v2\/media?parent=601"}],"wp:term":[{"taxonomy":"product_cat","embeddable":true,"href":"https:\/\/aumis.vn\/en\/wp-json\/wp\/v2\/product_cat?post=601"},{"taxonomy":"product_tag","embeddable":true,"href":"https:\/\/aumis.vn\/en\/wp-json\/wp\/v2\/product_tag?post=601"}],"curies":[{"name":"wp","href":"https:\/\/api.w.org\/{rel}","templated":true}]}}